{"id":2,"date":"2017-12-20T12:30:30","date_gmt":"2017-12-20T12:30:30","guid":{"rendered":"http:\/\/cdu-kempen.de\/?page_id=2"},"modified":"2022-07-18T09:07:07","modified_gmt":"2022-07-18T09:07:07","slug":"aktuelles","status":"publish","type":"page","link":"https:\/\/cdu-kempen.de\/index.php\/aktuelles\/","title":{"rendered":"Aktuelles"},"content":{"rendered":"<p>[et_pb_section fb_built=&#8220;1&#8243; admin_label=&#8220;Blog &#8211; Style 15&#8243; module_id=&#8220;blog-15&#8243; _builder_version=&#8220;4.16&#8243; _module_preset=&#8220;767ca9dd-61e5-49f0-8408-fc95704e8a66&#8243; background_color=&#8220;#f2f2f2&#8243; collapsed=&#8220;on&#8220; global_colors_info=&#8220;{}&#8220; theme_builder_area=&#8220;post_content&#8220;][et_pb_row admin_label=&#8220;Title&#8220; _builder_version=&#8220;4.16&#8243; _module_preset=&#8220;f3e30119-cf90-4804-aa78-c7e600df29f6&#8243; custom_padding=&#8220;|0px||0px|false|false&#8220; locked=&#8220;off&#8220; collapsed=&#8220;off&#8220; global_colors_info=&#8220;{}&#8220; theme_builder_area=&#8220;post_content&#8220;][et_pb_column type=&#8220;4_4&#8243; _builder_version=&#8220;4.16&#8243; _module_preset=&#8220;default&#8220; global_colors_info=&#8220;{}&#8220; theme_builder_area=&#8220;post_content&#8220;][et_pb_text _builder_version=&#8220;4.17.4&#8243; _module_preset=&#8220;default&#8220; text_font=&#8220;Roboto|700|||||||&#8220; text_font_size=&#8220;30px&#8220; header_font=&#8220;Hind|700|||||||&#8220; header_text_color=&#8220;#000000&#8243; header_font_size=&#8220;36px&#8220; header_2_font=&#8220;Hind|700|||||||&#8220; header_2_text_align=&#8220;center&#8220; header_2_text_color=&#8220;#000000&#8243; header_2_font_size=&#8220;32px&#8220; header_2_line_height=&#8220;1.3em&#8220; hover_enabled=&#8220;0&#8243; header_font_size_tablet=&#8220;&#8220; header_font_size_phone=&#8220;28px&#8220; header_font_size_last_edited=&#8220;on|phone&#8220; header_2_text_align_tablet=&#8220;left&#8220; header_2_text_align_phone=&#8220;&#8220; header_2_text_align_last_edited=&#8220;on|phone&#8220; header_2_font_size_phone=&#8220;28px&#8220; header_2_font_size_last_edited=&#8220;off|desktop&#8220; global_colors_info=&#8220;{}&#8220; theme_builder_area=&#8220;post_content&#8220; sticky_enabled=&#8220;0&#8243;]<\/p>\n<h2>Aktuelles<\/h2>\n<p>[\/et_pb_text][\/et_pb_column][\/et_pb_row][et_pb_row admin_label=&#8220;Blog &#8211; Style 15&#8243; _builder_version=&#8220;4.16&#8243; _module_preset=&#8220;f3e30119-cf90-4804-aa78-c7e600df29f6&#8243; background_size=&#8220;initial&#8220; background_position=&#8220;top_left&#8220; background_repeat=&#8220;repeat&#8220; locked=&#8220;off&#8220; global_colors_info=&#8220;{}&#8220; theme_builder_area=&#8220;post_content&#8220;][et_pb_column type=&#8220;4_4&#8243; _builder_version=&#8220;4.16&#8243; _module_preset=&#8220;default&#8220; global_colors_info=&#8220;{}&#8220; theme_builder_area=&#8220;post_content&#8220;][et_pb_blog include_categories=&#8220;all&#8220; use_manual_excerpt=&#8220;off&#8220; excerpt_length=&#8220;125&#8243; show_more=&#8220;on&#8220; use_overlay=&#8220;on&#8220; overlay_icon_color=&#8220;rgba(0,0,0,0)&#8220; hover_overlay_color=&#8220;rgba(0,0,0,0.22)&#8220; module_class=&#8220;blog-style-15&#8243; _builder_version=&#8220;4.17.4&#8243; _module_preset=&#8220;default&#8220; header_font=&#8220;Hind|700|||||||&#8220; header_text_color=&#8220;#000000&#8243; header_font_size=&#8220;28px&#8220; header_line_height=&#8220;1.1em&#8220; body_font=&#8220;Hind||||||||&#8220; body_text_color=&#8220;#333333&#8243; meta_font=&#8220;Hind|||on|||||&#8220; meta_font_size=&#8220;15px&#8220; meta_line_height=&#8220;1.4em&#8220; read_more_font=&#8220;Hind||||||||&#8220; read_more_text_color=&#8220;#ffffff&#8220; pagination_font=&#8220;Hind|||on|||||&#8220; pagination_text_color=&#8220;#000000&#8243; pagination_font_size=&#8220;15px&#8220; hover_enabled=&#8220;0&#8243; header_font_size_tablet=&#8220;26px&#8220; header_font_size_phone=&#8220;24px&#8220; header_font_size_last_edited=&#8220;on|desktop&#8220; header_line_height_tablet=&#8220;&#8220; header_line_height_phone=&#8220;1.3em&#8220; header_line_height_last_edited=&#8220;on|desktop&#8220; body_font_size_tablet=&#8220;&#8220; body_font_size_phone=&#8220;17px&#8220; body_font_size_last_edited=&#8220;on|desktop&#8220; meta_font_size_tablet=&#8220;&#8220; meta_font_size_phone=&#8220;15px&#8220; meta_font_size_last_edited=&#8220;on|desktop&#8220; meta_line_height_tablet=&#8220;&#8220; meta_line_height_phone=&#8220;1.3em&#8220; meta_line_height_last_edited=&#8220;on|phone&#8220; custom_css_title=&#8220;padding-left:50px;||padding-right:50px;||margin-top:7%;&#8220; custom_css_content=&#8220;font-weight:400;||padding-left:50px;||padding-right:50px;||padding-bottom:30px;&#8220; custom_css_post_meta=&#8220;font-weight:400;||padding-left:50px;||padding-right:50px;&#8220; custom_css_read_more=&#8220;font-size:14px;&#8220; global_colors_info=&#8220;{}&#8220; pagination_text_color__hover_enabled=&#8220;off|desktop&#8220; pagination_text_color__hover=&#8220;#3423a6&#8243; pagination_letter_spacing__hover_enabled=&#8220;on|desktop&#8220; pagination_letter_spacing__hover=&#8220;0px&#8220; box_shadow_horizontal_image__hover_enabled=&#8220;on|desktop&#8220; child_filter_brightness__hover_enabled=&#8220;off|hover&#8220; custom_css_title__hover_enabled=&#8220;on|desktop&#8220; custom_css_title__hover=&#8220;  text-decoration:underline;||&#8220; custom_css_post_meta__hover_enabled=&#8220;off|desktop&#8220; custom_css_post_meta_last_edited=&#8220;on|phone&#8220; custom_css_post_meta_phone=&#8220;margin-top:10px;||font-weight:400;||padding-left:30px;||padding-right:30px;&#8220; custom_css_title_last_edited=&#8220;on|tablet&#8220; custom_css_title_phone=&#8220;padding-left:30px;||padding-right:30px;||margin-top:0%;&#8220; custom_css_title_tablet=&#8220;padding-left:40px;||padding-right:40px;||margin-top:5%;&#8220; custom_css_post_meta_tablet=&#8220;font-weight:400;||padding-left:40px;||padding-right:40px;&#8220; custom_css_content_last_edited=&#8220;on|tablet&#8220; custom_css_content_phone=&#8220;font-weight:400;||padding-left:30px;||padding-right:30px;||padding-bottom:30px;&#8220; custom_css_content_tablet=&#8220;font-weight:400;||padding-left:40px;||padding-right:40px;||padding-bottom:30px;&#8220; theme_builder_area=&#8220;post_content&#8220; sticky_enabled=&#8220;0&#8243; show_author=&#8220;off&#8220; show_categories=&#8220;off&#8220; show_date=&#8220;off&#8220;][\/et_pb_blog][et_pb_code _builder_version=&#8220;4.16&#8243; _module_preset=&#8220;default&#8220; global_colors_info=&#8220;{}&#8220; theme_builder_area=&#8220;post_content&#8220;]<\/p>\n<style><!-- [et_pb_line_break_holder] -->.blog-style-15 .et_pb_post div.post-content a.more-link {<!-- [et_pb_line_break_holder] -->    background-color: #000;<!-- [et_pb_line_break_holder] -->    padding-top: 5px;<!-- [et_pb_line_break_holder] -->    padding-bottom: 3px;<!-- [et_pb_line_break_holder] -->    padding-left: 10px;<!-- [et_pb_line_break_holder] -->    padding-right: 10px;<!-- [et_pb_line_break_holder] -->    margin-top: 10px;<!-- [et_pb_line_break_holder] -->  width:fit-content;}<!-- [et_pb_line_break_holder] -->  <!-- [et_pb_line_break_holder] -->.blog-style-15 .et_pb_post div.post-content a.more-link:hover {<!-- [et_pb_line_break_holder] -->    background-color: #3423a6;<!-- [et_pb_line_break_holder] -->    }<!-- [et_pb_line_break_holder] -->  <!-- [et_pb_line_break_holder] -->.blog-style-15 .et_pb_post .post-meta {<!-- [et_pb_line_break_holder] -->  color: #969696 !important;<!-- [et_pb_line_break_holder] -->  text-transform: uppercase;<!-- [et_pb_line_break_holder] -->    } <!-- [et_pb_line_break_holder] -->  <!-- [et_pb_line_break_holder] -->.blog-style-15 .et_pb_post .post-meta a {<!-- [et_pb_line_break_holder] -->  color: #3423a6 !important;<!-- [et_pb_line_break_holder] -->  font-weight:500;<!-- [et_pb_line_break_holder] -->  text-transform:uppercase;<!-- [et_pb_line_break_holder] -->    }<!-- [et_pb_line_break_holder] -->  <!-- [et_pb_line_break_holder] -->.blog-style-15 .et_pb_post .post-meta a:hover {<!-- [et_pb_line_break_holder] -->  text-decoration:underline;<!-- [et_pb_line_break_holder] -->    }<!-- [et_pb_line_break_holder] -->  <!-- [et_pb_line_break_holder] -->.blog-style-15 .et_pb_post .post-meta span.author.vcard a {<!-- [et_pb_line_break_holder] -->    background-color: rgba(0,0,0,0);<!-- [et_pb_line_break_holder] -->    color: #000 !important;<!-- [et_pb_line_break_holder] -->    padding-left:0;<!-- [et_pb_line_break_holder] -->    padding-right:0;<!-- [et_pb_line_break_holder] -->  }<!-- [et_pb_line_break_holder] -->  <!-- [et_pb_line_break_holder] -->.blog-style-15 .pagination a:hover {<!-- [et_pb_line_break_holder] -->    text-decoration: underline;<!-- [et_pb_line_break_holder] -->}<!-- [et_pb_line_break_holder] -->    <!-- [et_pb_line_break_holder] -->.blog-style-15 .et_pb_post .entry-featured-image-url {<!-- [et_pb_line_break_holder] -->    overflow: hidden;<!-- [et_pb_line_break_holder] -->}<!-- [et_pb_line_break_holder] --><!-- [et_pb_line_break_holder] -->.blog-design-15 .et_pb_post .entry-featured-image-url {<!-- [et_pb_line_break_holder] -->    border: 1px solid rgba(255, 255, 255, 0); }<!-- [et_pb_line_break_holder] --><!-- [et_pb_line_break_holder] -->.blog-style-15 .et_pb_post .entry-featured-image-url img:hover{<!-- [et_pb_line_break_holder] -->transition: transform 2000ms ease 0ms,transform 2000ms ease 0ms,transform 2000ms ease 0ms;<!-- [et_pb_line_break_holder] -->transform: scaleX(1.36) scaleY(1.36) translateX(9%) translateY(3%) rotateX(0deg) rotateY(0deg) rotateZ(6deg)!important;}<!-- [et_pb_line_break_holder] --><!-- [et_pb_line_break_holder] -->.blog-style-15 .et_pb_post:hover .entry-featured-image-url img{<!-- [et_pb_line_break_holder] -->transition: transform 2000ms ease 0ms,transform 2000ms ease 0ms,transform 2000ms ease 0ms;<!-- [et_pb_line_break_holder] -->transform: scaleX(1.36) scaleY(1.36) translateX(9%) translateY(3%) rotateX(0deg) rotateY(0deg) rotateZ(6deg)!important;}<!-- [et_pb_line_break_holder] --><!-- [et_pb_line_break_holder] -->.blog-style-15 article.et_pb_post {<!-- [et_pb_line_break_holder] -->box-shadow: 10px 10px 20px rgba(0,0,0,.18);<!-- [et_pb_line_break_holder] -->margin-bottom: 50px !important;<!-- [et_pb_line_break_holder] -->  background-color: #fff;<!-- [et_pb_line_break_holder] -->  }<!-- [et_pb_line_break_holder] -->  <!-- [et_pb_line_break_holder] -->@media (min-width: 768px) {<!-- [et_pb_line_break_holder] --><!-- [et_pb_line_break_holder] -->\/*set the image width*\/<!-- [et_pb_line_break_holder] --><!-- [et_pb_line_break_holder] -->.blog-style-15 .entry-featured-image-url  {<!-- [et_pb_line_break_holder] -->width: 100%;<!-- [et_pb_line_break_holder] -->float: left;<!-- [et_pb_line_break_holder] -->margin-bottom: 0!important;<!-- [et_pb_line_break_holder] -->}<!-- [et_pb_line_break_holder] --><!-- [et_pb_line_break_holder] -->\/*set the details width*\/<!-- [et_pb_line_break_holder] --><!-- [et_pb_line_break_holder] -->.blog-style-15 .entry-title,<!-- [et_pb_line_break_holder] -->.blog-style-15 .post-meta,<!-- [et_pb_line_break_holder] -->.blog-style-15 .post-content {<!-- [et_pb_line_break_holder] -->width: 100%;<!-- [et_pb_line_break_holder] -->float: left;<!-- [et_pb_line_break_holder] -->padding-left: 40px;<!-- [et_pb_line_break_holder] -->}<!-- [et_pb_line_break_holder] -->}<!-- [et_pb_line_break_holder] -->  <!-- [et_pb_line_break_holder] -->@media (min-width: 768px) {.blog-style-15 .entry-featured-image-url {<!-- [et_pb_line_break_holder] -->  padding-top: 100%;<!-- [et_pb_line_break_holder] -->  display: block;<!-- [et_pb_line_break_holder] -->}}<!-- [et_pb_line_break_holder] --><!-- [et_pb_line_break_holder] -->@media (min-width: 768px) {.blog-style-15 .entry-featured-image-url img {<!-- [et_pb_line_break_holder] -->position: absolute;<!-- [et_pb_line_break_holder] -->  height: 100%;<!-- [et_pb_line_break_holder] -->  width: 100%;<!-- [et_pb_line_break_holder] -->  top: 0;<!-- [et_pb_line_break_holder] -->  left: 0;<!-- [et_pb_line_break_holder] -->  right: 0;<!-- [et_pb_line_break_holder] -->  bottom: 0;<!-- [et_pb_line_break_holder] -->  object-fit: cover;<!-- [et_pb_line_break_holder] -->}}<!-- [et_pb_line_break_holder] -->  <!-- [et_pb_line_break_holder] -->@media (min-width: 1024px) {<!-- [et_pb_line_break_holder] --><!-- [et_pb_line_break_holder] -->\/*set the image width*\/<!-- [et_pb_line_break_holder] --><!-- [et_pb_line_break_holder] -->.blog-style-15 .entry-featured-image-url  {<!-- [et_pb_line_break_holder] -->width: 30%;<!-- [et_pb_line_break_holder] -->float: left;<!-- [et_pb_line_break_holder] -->margin-bottom: 0!important;<!-- [et_pb_line_break_holder] -->}<!-- [et_pb_line_break_holder] --><!-- [et_pb_line_break_holder] -->\/*set the details width*\/<!-- [et_pb_line_break_holder] --><!-- [et_pb_line_break_holder] -->.blog-style-15 .entry-title,<!-- [et_pb_line_break_holder] -->.blog-style-15 .post-meta,<!-- [et_pb_line_break_holder] -->.blog-style-15 .post-content {<!-- [et_pb_line_break_holder] -->width: 70%;<!-- [et_pb_line_break_holder] -->float: left;<!-- [et_pb_line_break_holder] -->padding-left: 60px;<!-- [et_pb_line_break_holder] -->}<!-- [et_pb_line_break_holder] -->}<!-- [et_pb_line_break_holder] -->  <!-- [et_pb_line_break_holder] -->@media (min-width: 1024px) {.blog-style-15 .entry-featured-image-url {<!-- [et_pb_line_break_holder] -->  padding-top: 30%;<!-- [et_pb_line_break_holder] -->  display: block;<!-- [et_pb_line_break_holder] -->}}<!-- [et_pb_line_break_holder] --><!-- [et_pb_line_break_holder] -->@media (min-width: 1024px) {.blog-style-15 .entry-featured-image-url img {<!-- [et_pb_line_break_holder] -->position: absolute;<!-- [et_pb_line_break_holder] -->  height: 100%;<!-- [et_pb_line_break_holder] -->  width: 100%;<!-- [et_pb_line_break_holder] -->  top: 0;<!-- [et_pb_line_break_holder] -->  left: 0;<!-- [et_pb_line_break_holder] -->  right: 0;<!-- [et_pb_line_break_holder] -->  bottom: 0;<!-- [et_pb_line_break_holder] -->  object-fit: cover;<!-- [et_pb_line_break_holder] -->}}  <!-- [et_pb_line_break_holder] -->  <!-- [et_pb_line_break_holder] -->@media (max-width: 767px) {.blog-style-15 .entry-featured-image-url {<!-- [et_pb_line_break_holder] -->  padding-top: 100%;<!-- [et_pb_line_break_holder] -->  display: block;<!-- [et_pb_line_break_holder] -->}}<!-- [et_pb_line_break_holder] --><!-- [et_pb_line_break_holder] -->@media (max-width: 767px) {.blog-style-15 .entry-featured-image-url img {<!-- [et_pb_line_break_holder] -->position: absolute;<!-- [et_pb_line_break_holder] -->  height: 100%;<!-- [et_pb_line_break_holder] -->  width: 100%;<!-- [et_pb_line_break_holder] -->  top: 0;<!-- [et_pb_line_break_holder] -->  left: 0;<!-- [et_pb_line_break_holder] -->  right: 0;<!-- [et_pb_line_break_holder] -->  bottom: 0;<!-- [et_pb_line_break_holder] -->  object-fit: cover;<!-- [et_pb_line_break_holder] -->}}   <!-- [et_pb_line_break_holder] -->    <!-- [et_pb_line_break_holder] --><\/style>\n<p>[\/et_pb_code][\/et_pb_column][\/et_pb_row][\/et_pb_section]<\/p>\n","protected":false},"excerpt":{"rendered":"<p>Aktuelles<\/p>\n","protected":false},"author":1,"featured_media":7111,"parent":0,"menu_order":0,"comment_status":"closed","ping_status":"open","template":"","meta":{"_et_pb_use_builder":"on","_et_pb_old_content":"<strong>CDU will St\u00e4rkung der F\u00f6rdervereine in der OGS-Betreuung<\/strong>\n\nDie CDU hat in der Ratssitzung am 19.12.2017 der Einrichtung einer Offenen Ganztagsschule (OGS) in st\u00e4dtischer Tr\u00e4gerschaft in T\u00f6nisberg zugestimmt. Auf den Antrag der CDU-Fraktion wurde in den Beschluss aber ausdr\u00fccklich aufgenommen, dass der F\u00f6rderverein, der seit geraumer Zeit in T\u00f6nisberg eine Betreuung der Grundschulkinder nach Schulschluss sicherstellt, ermuntert werden soll, das Betreuungsangebot neben der OGS fortzuf\u00fchren.\n\nDie CDU w\u00fcrdigt das gro\u00dfe Engagement der F\u00f6rdervereine. Die CDU hat in der Ratssitzung am 19.12.2017 klargestellt, dass k\u00fcnftige OGS-Gruppen nicht selbstverst\u00e4ndlich in st\u00e4dtischer Tr\u00e4gerschaft gef\u00fchrt werden, sondern im Sinne einer Tr\u00e4gervielfalt auch private Tr\u00e4ger (Vereine, Verb\u00e4nde, F\u00f6rdervereine) in die Auswahlentscheidung einzubeziehen sind.\n\n&nbsp;","_et_gb_content_width":"","footnotes":""},"class_list":["post-2","page","type-page","status-publish","has-post-thumbnail","hentry"],"_links":{"self":[{"href":"https:\/\/cdu-kempen.de\/index.php\/wp-json\/wp\/v2\/pages\/2"}],"collection":[{"href":"https:\/\/cdu-kempen.de\/index.php\/wp-json\/wp\/v2\/pages"}],"about":[{"href":"https:\/\/cdu-kempen.de\/index.php\/wp-json\/wp\/v2\/types\/page"}],"author":[{"embeddable":true,"href":"https:\/\/cdu-kempen.de\/index.php\/wp-json\/wp\/v2\/users\/1"}],"replies":[{"embeddable":true,"href":"https:\/\/cdu-kempen.de\/index.php\/wp-json\/wp\/v2\/comments?post=2"}],"version-history":[{"count":8,"href":"https:\/\/cdu-kempen.de\/index.php\/wp-json\/wp\/v2\/pages\/2\/revisions"}],"predecessor-version":[{"id":11776,"href":"https:\/\/cdu-kempen.de\/index.php\/wp-json\/wp\/v2\/pages\/2\/revisions\/11776"}],"wp:featuredmedia":[{"embeddable":true,"href":"https:\/\/cdu-kempen.de\/index.php\/wp-json\/wp\/v2\/media\/7111"}],"wp:attachment":[{"href":"https:\/\/cdu-kempen.de\/index.php\/wp-json\/wp\/v2\/media?parent=2"}],"curies":[{"name":"wp","href":"https:\/\/api.w.org\/{rel}","templated":true}]}}