{"id":9534,"date":"2020-11-04T21:43:09","date_gmt":"2020-11-04T21:43:09","guid":{"rendered":"https:\/\/cdu-kempen.de\/?page_id=9534"},"modified":"2025-06-21T21:56:08","modified_gmt":"2025-06-21T21:56:08","slug":"maximilian-thelen","status":"publish","type":"page","link":"https:\/\/cdu-kempen.de\/index.php\/fraktion\/stadtratsfraktion\/maximilian-thelen\/","title":{"rendered":"Maximilian Thelen"},"content":{"rendered":"<p>Wahlbezirk 3200<br \/>\nKempen-T\u00f6nisberg<\/p>\n<table>\n<tbody>\n<tr>\n<td width=\"245\">Jahrgang<\/td>\n<td width=\"369\">1995<\/td>\n<\/tr>\n<tr>\n<td width=\"245\"><\/td>\n<td width=\"369\"><\/td>\n<\/tr>\n<tr>\n<td width=\"245\">Familienstand<\/td>\n<td width=\"369\">ledig<\/td>\n<\/tr>\n<tr>\n<td width=\"245\"><\/td>\n<td width=\"369\"><\/td>\n<\/tr>\n<tr>\n<td width=\"245\">Beruf<\/td>\n<td width=\"369\">Bauingenieur<\/td>\n<\/tr>\n<tr>\n<td width=\"245\"><\/td>\n<td width=\"369\"><\/td>\n<\/tr>\n<tr>\n<td width=\"245\">Hobbys<\/td>\n<td width=\"369\">Freiwillige Feuerwehr<br \/>\nSt. Antonius Isidorus Bruderschaft<br \/>\nT\u00f6nisberger Bretterb\u00fchne<br \/>\nKirchengemeinde T\u00f6nisberg<\/td>\n<\/tr>\n<tr>\n<td width=\"245\"><\/td>\n<td width=\"369\"><\/td>\n<\/tr>\n<tr>\n<td width=\"245\">Politische \u00a0 Interessen<\/td>\n<td width=\"369\">Feuerwehr und Rettungsdienst<br \/>\nOrdnung<br \/>\nSport<\/td>\n<\/tr>\n<tr>\n<td width=\"245\"><\/td>\n<td width=\"369\"><\/td>\n<\/tr>\n<tr>\n<td colspan=\"2\" width=\"614\"><a href=\"http:\/\/www.cdu-kempen.de\/wp-content\/uploads\/2014\/04\/10x10.gif\" rel=\"lightbox[roadtrip]\"><img loading=\"lazy\" decoding=\"async\" class=\"alignright wp-image-5278\" src=\"http:\/\/www.cdu-kempen.de\/wp-content\/uploads\/2014\/04\/10x10.gif\" alt=\"10x10\" width=\"30\" height=\"30\" \/><\/a><\/td>\n<\/tr>\n<tr>\n<td width=\"245\">Maximilian Thelen,<\/td>\n<td width=\"369\"><\/td>\n<\/tr>\n<tr>\n<td colspan=\"2\" width=\"614\"><\/td>\n<\/tr>\n<tr>\n<td colspan=\"2\" width=\"614\">Bergstra\u00dfe 30, 47906 Kempen<\/td>\n<\/tr>\n<tr>\n<td colspan=\"2\" width=\"614\"><a href=\"http:\/\/www.cdu-kempen.de\/wp-content\/uploads\/2014\/04\/10x10.gif\" rel=\"lightbox[roadtrip]\"><img loading=\"lazy\" decoding=\"async\" class=\"alignright wp-image-5278\" src=\"http:\/\/www.cdu-kempen.de\/wp-content\/uploads\/2014\/04\/10x10.gif\" alt=\"10x10\" width=\"30\" height=\"30\" \/><\/a><\/td>\n<\/tr>\n<tr>\n<td colspan=\"2\" width=\"614\"><\/td>\n<\/tr>\n<tr>\n<td colspan=\"2\" width=\"614\">Telefon: 0172 262 4320<\/td>\n<\/tr>\n<tr>\n<td colspan=\"2\" width=\"614\"><\/td>\n<\/tr>\n<tr>\n<td width=\"245\">\u00a0Mail:\u00a0<a href=\"#\" data-email-protect-click=\"vjgngpBefw\/mgorgp0fg\"><span data-email-protect=\"vjgngpBefw\/mgorgp0fg\"><\/span><\/a><\/td>\n<td width=\"369\"><\/td>\n<\/tr>\n<tr>\n<td width=\"245\"><\/td>\n<td width=\"369\"><\/td>\n<\/tr>\n<\/tbody>\n<\/table>\n<p style=\"text-align: right;\">\n","protected":false},"excerpt":{"rendered":"<p>Wahlbezirk 3200 Kempen-T\u00f6nisberg Jahrgang 1995 Familienstand ledig Beruf Bauingenieur Hobbys Freiwillige Feuerwehr St. Antonius Isidorus Bruderschaft T\u00f6nisberger Bretterb\u00fchne Kirchengemeinde T\u00f6nisberg Politische \u00a0 Interessen Feuerwehr und Rettungsdienst Ordnung Sport Maximilian Thelen, Bergstra\u00dfe 30, 47906 Kempen Telefon: 0172 262 4320 \u00a0Mail:\u00a0<\/p>\n","protected":false},"author":5,"featured_media":0,"parent":6490,"menu_order":0,"comment_status":"closed","ping_status":"closed","template":"","meta":{"_et_pb_use_builder":"","_et_pb_old_content":"","_et_gb_content_width":"","footnotes":""},"class_list":["post-9534","page","type-page","status-publish","hentry"],"_links":{"self":[{"href":"https:\/\/cdu-kempen.de\/index.php\/wp-json\/wp\/v2\/pages\/9534"}],"collection":[{"href":"https:\/\/cdu-kempen.de\/index.php\/wp-json\/wp\/v2\/pages"}],"about":[{"href":"https:\/\/cdu-kempen.de\/index.php\/wp-json\/wp\/v2\/types\/page"}],"author":[{"embeddable":true,"href":"https:\/\/cdu-kempen.de\/index.php\/wp-json\/wp\/v2\/users\/5"}],"replies":[{"embeddable":true,"href":"https:\/\/cdu-kempen.de\/index.php\/wp-json\/wp\/v2\/comments?post=9534"}],"version-history":[{"count":4,"href":"https:\/\/cdu-kempen.de\/index.php\/wp-json\/wp\/v2\/pages\/9534\/revisions"}],"predecessor-version":[{"id":12308,"href":"https:\/\/cdu-kempen.de\/index.php\/wp-json\/wp\/v2\/pages\/9534\/revisions\/12308"}],"up":[{"embeddable":true,"href":"https:\/\/cdu-kempen.de\/index.php\/wp-json\/wp\/v2\/pages\/6490"}],"wp:attachment":[{"href":"https:\/\/cdu-kempen.de\/index.php\/wp-json\/wp\/v2\/media?parent=9534"}],"curies":[{"name":"wp","href":"https:\/\/api.w.org\/{rel}","templated":true}]}}